{"id":55,"date":"2019-03-28T15:14:09","date_gmt":"2019-03-28T14:14:09","guid":{"rendered":"https:\/\/centredaccueil.net\/fjufrance\/?page_id=55"},"modified":"2021-05-04T16:31:33","modified_gmt":"2021-05-04T14:31:33","slug":"ce-que-nous-faisons","status":"publish","type":"page","link":"https:\/\/centredaccueil.net\/fjufrance\/ce-que-nous-faisons\/","title":{"rendered":"Ce que nous faisons"},"content":{"rendered":"<div class=\"gridContainer\">\n<p>La Force Jeune Universel a une branche sociale, qui est la Force Jeune France, avec laquelle elle organise de grands \u00e9v\u00e9nements visant \u00e0 sensibiliser la jeunesse sur sa valeur et son potentiel pour r\u00e9ussir quel que soit son pass\u00e9 ou son pr\u00e9sent. Ce dont elle a r\u00e9ellement besoin, c\u2019est la vision et la pers\u00e9v\u00e9rance pour aller jusqu\u2019au bout de ses objectifs. Cela peut sembler utopique pour certains, mais la Force Jeune s\u2019engage justement pour que cela devienne une r\u00e9alit\u00e9, et le fruit de son travail est visible \u00e0 travers les feedbacks que les jeunes font de ces rencontres, mais aussi \u00e0 travers les t\u00e9moignages de transformation de vie.<\/p>\n<\/div>","protected":false},"excerpt":{"rendered":"<p>La Force Jeune Universel a une branche sociale, qui est la Force Jeune France, avec laquelle elle organise de grands \u00e9v\u00e9nements visant \u00e0 sensibiliser la jeunesse sur sa valeur et son potentiel pour r\u00e9ussir quel que soit son pass\u00e9 ou son pr\u00e9sent. Ce dont elle a r\u00e9ellement besoin, c\u2019est la vision et la pers\u00e9v\u00e9rance pour&nbsp;&hellip;<\/p>\n","protected":false},"author":1,"featured_media":547,"parent":0,"menu_order":0,"comment_status":"closed","ping_status":"closed","template":"","meta":[],"_links":{"self":[{"href":"https:\/\/centredaccueil.net\/fjufrance\/wp-json\/wp\/v2\/pages\/55"}],"collection":[{"href":"https:\/\/centredaccueil.net\/fjufrance\/wp-json\/wp\/v2\/pages"}],"about":[{"href":"https:\/\/centredaccueil.net\/fjufrance\/wp-json\/wp\/v2\/types\/page"}],"author":[{"embeddable":true,"href":"https:\/\/centredaccueil.net\/fjufrance\/wp-json\/wp\/v2\/users\/1"}],"replies":[{"embeddable":true,"href":"https:\/\/centredaccueil.net\/fjufrance\/wp-json\/wp\/v2\/comments?post=55"}],"version-history":[{"count":6,"href":"https:\/\/centredaccueil.net\/fjufrance\/wp-json\/wp\/v2\/pages\/55\/revisions"}],"predecessor-version":[{"id":824,"href":"https:\/\/centredaccueil.net\/fjufrance\/wp-json\/wp\/v2\/pages\/55\/revisions\/824"}],"wp:featuredmedia":[{"embeddable":true,"href":"https:\/\/centredaccueil.net\/fjufrance\/wp-json\/wp\/v2\/media\/547"}],"wp:attachment":[{"href":"https:\/\/centredaccueil.net\/fjufrance\/wp-json\/wp\/v2\/media?parent=55"}],"curies":[{"name":"wp","href":"https:\/\/api.w.org\/{rel}","templated":true}]}}